{"id":754,"date":"2022-09-07T15:37:43","date_gmt":"2022-09-07T15:37:43","guid":{"rendered":"https:\/\/www.uf-benavilaevalongo.pt\/proposta\/?page_id=754"},"modified":"2022-09-07T15:37:43","modified_gmt":"2022-09-07T15:37:43","slug":"onde-ficar","status":"publish","type":"page","link":"https:\/\/www.uf-benavilaevalongo.pt\/?page_id=754","title":{"rendered":"Onde Ficar"},"content":{"rendered":"\n<p>Informa\u00e7\u00e3o brevemente dispon\u00edvel<\/p>\n","protected":false},"excerpt":{"rendered":"<p>Informa\u00e7\u00e3o brevemente dispon\u00edvel<\/p>\n","protected":false},"author":1,"featured_media":0,"parent":0,"menu_order":0,"comment_status":"closed","ping_status":"closed","template":"","meta":{"footnotes":""},"class_list":["post-754","page","type-page","status-publish","hentry"],"_links":{"self":[{"href":"https:\/\/www.uf-benavilaevalongo.pt\/index.php?rest_route=\/wp\/v2\/pages\/754","targetHints":{"allow":["GET"]}}],"collection":[{"href":"https:\/\/www.uf-benavilaevalongo.pt\/index.php?rest_route=\/wp\/v2\/pages"}],"about":[{"href":"https:\/\/www.uf-benavilaevalongo.pt\/index.php?rest_route=\/wp\/v2\/types\/page"}],"author":[{"embeddable":true,"href":"https:\/\/www.uf-benavilaevalongo.pt\/index.php?rest_route=\/wp\/v2\/users\/1"}],"replies":[{"embeddable":true,"href":"https:\/\/www.uf-benavilaevalongo.pt\/index.php?rest_route=%2Fwp%2Fv2%2Fcomments&post=754"}],"version-history":[{"count":1,"href":"https:\/\/www.uf-benavilaevalongo.pt\/index.php?rest_route=\/wp\/v2\/pages\/754\/revisions"}],"predecessor-version":[{"id":755,"href":"https:\/\/www.uf-benavilaevalongo.pt\/index.php?rest_route=\/wp\/v2\/pages\/754\/revisions\/755"}],"wp:attachment":[{"href":"https:\/\/www.uf-benavilaevalongo.pt\/index.php?rest_route=%2Fwp%2Fv2%2Fmedia&parent=754"}],"curies":[{"name":"wp","href":"https:\/\/api.w.org\/{rel}","templated":true}]}}