{"id":750,"date":"2022-09-07T15:37:04","date_gmt":"2022-09-07T15:37:04","guid":{"rendered":"https:\/\/www.uf-benavilaevalongo.pt\/proposta\/?page_id=750"},"modified":"2022-11-04T10:20:55","modified_gmt":"2022-11-04T10:20:55","slug":"patrimonio","status":"publish","type":"page","link":"https:\/\/www.uf-benavilaevalongo.pt\/?page_id=750","title":{"rendered":"Patrim\u00f3nio"},"content":{"rendered":"\n<p><strong>BENAVILA<\/strong><\/p>\n\n\n\n<p><strong>Igreja de S\u00e3o Sebasti\u00e3o<\/strong><\/p>\n\n\n\n<p>Em 1570 os moradores de Benavila exigiram a constru\u00e7\u00e3o de uma igreja. Esta igreja, instalada num templo cuja funda\u00e7\u00e3o datar\u00e1 da transi\u00e7\u00e3o entre os s\u00e9culos XVI e XVII, sofreu significativas modifica\u00e7\u00f5es decorativas no s\u00e9culo XVIII. De nave \u00fanica, a Igreja Paroquial de Benavila tem por orago S\u00e3o Sebasti\u00e3o e caracteriza-se pela sua simplicidade e pela sua fachada. Da fachada, destaca-se o portal de vergas retas em cantaria e a cartela central com a representa\u00e7\u00e3o da Cruz da Ordem de Avis. No interior, na base dos altares, a Cruz da Ordem de Avis est\u00e1 tamb\u00e9m representada.<\/p>\n\n\n\n<p class=\"has-text-align-right has-text-color has-small-font-size\" style=\"color:#397849\">Fonte: Munic\u00edpio de Avis<\/p>\n\n\n\n<p><strong>Funda\u00e7\u00e3o Abreu Callado<\/strong><\/p>\n\n\n\n<p>A Funda\u00e7\u00e3o Abreu Callado foi fundada em 1948, por Cosme de Campos Callado, filho de Francisco Abreu Callado e Maria Madalena Godinho. A uni\u00e3o das fam\u00edlias Abreu Callado e Godinho, permitiu ao patriarca a obten\u00e7\u00e3o de um estatuto de membro da elite fundi\u00e1ria da regi\u00e3o. &nbsp;Com a morte dos pais e dos irm\u00e3os, Rosa Magdalena Godinho de Abreu e Jos\u00e9 Godinho de Abreu, Cosme de Campo Callado, sem descendentes e solteiro, assume os bens da fam\u00edlia. Um ano antes de falecer, em 1947 determina em testamento que os bens da fam\u00edlia deveriam constituir uma Funda\u00e7\u00e3o, com o objetivo de perpetuar a casa agr\u00edcola criada por seu pai, Francisco de Abreu Callado, e que fosse garantida qualidade de vida aos seus criados, a educa\u00e7\u00e3o dos filhos destes e dos trabalhadores rurais.<\/p>\n\n\n\n<p>Atualmente, a Funda\u00e7\u00e3o Abreu Callado \u00e9 uma funda\u00e7\u00e3o de direito privado que, para al\u00e9m das atividades agr\u00edcolas e pecu\u00e1rias, presta apoio social \u00e0 terceira idade, nomeadamente no Centro de Conv\u00edvio e Apoio Social Eng.\u00ba Jo\u00e3o Antunes Tropa, desde 1990.<\/p>\n\n\n\n<p>O Enoturismo assume um papel preponderante na atividade da Funda\u00e7\u00e3o, associado \u00e0 elevada qualidade dos vinhos produzidos, maioritariamente com as castas brancas Arinto, Tamarez e Roupeiro e as tintas Trincadeira, Aragonez, Castel\u00e3o, Alicante Bouschet e Touriga Nacional.<\/p>\n\n\n\n<p>Os visitantes poder\u00e3o usufruir de programas que aliam a gastronomia, os vinhos e a cultura, como sejam visitar as vinha e a adega, o espa\u00e7o museol\u00f3gico, a antiga Casa da Matan\u00e7a, o Lagar de Capachos, as Salas de Est\u00e1gio de Vinhos; efetuar degusta\u00e7\u00e3o de vinhos ou almo\u00e7os de grupos, mediante agendamento pr\u00e9vio.<\/p>\n\n\n\n<p><strong>Capela de Nossa Senhora d\u2019Entre \u00c1guas<\/strong><\/p>\n\n\n\n<p>Edificado na conflu\u00eancia da ribeira de Seda e da ribeira de Sarrazola, este templo data do s\u00e9culo XV e foi sofrendo altera\u00e7\u00f5es ao longo dos s\u00e9culos. No local da igreja ter\u00e1 existido um templo romano do ano 370 d.C. A ocupa\u00e7\u00e3o romana \u00e9 atestada pela presen\u00e7a de estruturas romanas integradas no edif\u00edcio e pela l\u00e1pide romana embutida nas traseiras do templo. A l\u00e1pide est\u00e1 classificada como Monumento Nacional desde 1910.<br>Em 2019 foram feitas obras de conserva\u00e7\u00e3o e valoriza\u00e7\u00e3o da capela e foi descoberto um conjunto de pinturas tardio-medievais. Estas pinturas s\u00e3o de valor incalcul\u00e1vel devido \u00e0 sua extens\u00e3o, ao contexto cronol\u00f3gico da obra, \u00e0 qualidade de execu\u00e7\u00e3o e ao estado de conserva\u00e7\u00e3o.<br>Num documento de 1758 escrito pelo Prior da Matriz de Benavila, Frei Amaro Coelho da Gama e Casco, constata-se que a imagem de Nossa Senhora de Entre \u00c1guas era milagrosa e que por essa raz\u00e3o, muitos peregrinos ali se deslocavam. O alpendre da capela evidencia este car\u00e1cter de peregrina\u00e7\u00e3o. Nesta ermida existiu em tempos um hospital para curar os pobres, gerido pela Irmandade de Nossa Senhora de Entre \u00c1guas.<\/p>\n\n\n\n<p class=\"has-text-align-right has-text-color has-small-font-size\" style=\"color:#397849\">Fonte: Munic\u00edpio de Avis<\/p>\n\n\n\n<p><strong>Monumento epigr\u00e1fico de Entre \u00c1guas<\/strong><\/p>\n\n\n\n<p>Classificado como Monumento Nacional desde 1910, esta l\u00e1pide encontra-se embutida no al\u00e7ado tardoz da Capela de Nossa Senhora de Entre \u00c1guas.<\/p>\n\n\n\n<p>A Placa, de cariz funer\u00e1rio, foi elaborada sobre um suporte de granito de gr\u00e3o fino e apresenta uma forma retangular. Evidencia uma face trabalhada, sobre a qual assenta o campo epigr\u00e1fico, e destina-se, pela sua tipologia, a ser inclu\u00edda numa estrutura ou edif\u00edcio de cariz religioso\/funer\u00e1rio.<\/p>\n\n\n\n<p>O campo epigr\u00e1fico encontra-se delimitado por uma moldura e ostenta a superf\u00edcie rebaixada. O texto apresenta um alinhamento simult\u00e2neo, ocupando a metade inferior do campo, sugerindo que este monumento se destinava a ser colocado no alto. Na transcri\u00e7\u00e3o da ep\u00edgrafe \u00e9 poss\u00edvel ler:<\/p>\n\n\n\n<p><em>\u201cLobesa, filha de Lovesius, de cinquenta anos, est\u00e1 aqui sepultada. Que a terra te seja leve.\u201d<\/em><\/p>\n\n\n\n<p class=\"has-text-align-right has-text-color has-small-font-size\" style=\"color:#397849\">Fonte: Munic\u00edpio de Avis<\/p>\n\n\n\n<hr class=\"wp-block-separator has-alpha-channel-opacity\"\/>\n\n\n\n<p><strong>VALONGO<\/strong><\/p>\n\n\n\n<p><strong>Igreja de S\u00e3o Saturnino e Aroeira<\/strong><\/p>\n\n\n\n<p>Este templo remete para um culto pr\u00e9-crist\u00e3o, recuperado no per\u00edodo medieval. De nave \u00fanica, a igreja tem uma pequena sacristia e uma capela batismal e a capela-mor \u00e9 decorada com uma pintura mural do s\u00e9culo XVII que representa os Santos Evangelistas. Destacam-se ainda as imagens de S\u00e3o Br\u00e1s e de Santo Ant\u00f3nio. No exterior, existe um cruzeiro do s\u00e9culo XVIII e uma Aroeira de grande porte, com mais de 600 anos. Esta \u00e1rvore \u00e9 um exemplar \u00fanico no mundo: tem cerca de sete metros de altura e cinco metros de per\u00edmetro no tronco. Est\u00e1 classificada como \u00e1rvore de interesse p\u00fablico desde 1995. Este local tem um grande significado para as gentes da regi\u00e3o. Nos per\u00edodos de seca extrema, o povo reunia-se em torno da velhinha aroeira para que S. Saturnino, o padroeiro da localidade, intercedesse para que a chuva ca\u00edsse e salvasse as colheitas. Segundo os habitantes locais, nos anos de seca extrema, a popula\u00e7\u00e3o confecionava as papas de S. Saturnino na sombra da aroeira. Os ingredientes das papas (farinha, banha, mel, a\u00e7\u00facar e \u00e1gua) eram fornecidos, segundo a tradi\u00e7\u00e3o, por sete mulheres virgens com o nome de Maria. A est\u00e1tua do santo era colocada de costas para a porta do templo e as papas eram servidas \u00e0s crian\u00e7as. Dizem os populares, que mal as papas eram comidas o c\u00e9u come\u00e7ava a escurecer e ca\u00eda a t\u00e3o esperada chuva.<\/p>\n\n\n\n<p class=\"has-text-align-right has-text-color has-small-font-size\" style=\"color:#397849\">Fonte: Munic\u00edpio de Avis<\/p>\n\n\n\n<p><strong>Freixo<\/strong><\/p>\n\n\n\n<p>Classificado como \u00e1rvore de interesse p\u00fablico desde 1995, este freixo situado na Fonte do Vale \u00e9 uma das duas \u00e1rvores classificadas em Valongo. O freixo \u00e9 uma \u00e1rvore folhosa muito comum nas margens das ribeiras e pode atingir os 40 metros de altura. As suas folhas possuem propriedades diur\u00e9ticas e anti-reum\u00e1ticas. A Fonte do Vale possui uma bica, dois tanques e um pared\u00e3o rematado superiormente com um friso trabalhado e dois pin\u00e1culos. Esta fonte serviu para o abastecimento de \u00e1gua \u00e0s popula\u00e7\u00f5es locais.<\/p>\n\n\n\n<p class=\"has-text-align-right has-text-color has-small-font-size\" style=\"color:#397849\">Fonte: Munic\u00edpio de Avis<\/p>\n","protected":false},"excerpt":{"rendered":"<p>BENAVILA Igreja de S\u00e3o Sebasti\u00e3o Em 1570 os moradores de Benavila exigiram a constru\u00e7\u00e3o de uma igreja. Esta igreja, instalada num templo cuja funda\u00e7\u00e3o datar\u00e1 da transi\u00e7\u00e3o entre os s\u00e9culos XVI e XVII, sofreu significativas modifica\u00e7\u00f5es decorativas no s\u00e9culo XVIII. De nave \u00fanica, a Igreja Paroquial de Benavila tem por orago S\u00e3o Sebasti\u00e3o e caracteriza-se [&hellip;]<\/p>\n","protected":false},"author":1,"featured_media":0,"parent":0,"menu_order":0,"comment_status":"closed","ping_status":"closed","template":"","meta":{"footnotes":""},"class_list":["post-750","page","type-page","status-publish","hentry"],"_links":{"self":[{"href":"https:\/\/www.uf-benavilaevalongo.pt\/index.php?rest_route=\/wp\/v2\/pages\/750","targetHints":{"allow":["GET"]}}],"collection":[{"href":"https:\/\/www.uf-benavilaevalongo.pt\/index.php?rest_route=\/wp\/v2\/pages"}],"about":[{"href":"https:\/\/www.uf-benavilaevalongo.pt\/index.php?rest_route=\/wp\/v2\/types\/page"}],"author":[{"embeddable":true,"href":"https:\/\/www.uf-benavilaevalongo.pt\/index.php?rest_route=\/wp\/v2\/users\/1"}],"replies":[{"embeddable":true,"href":"https:\/\/www.uf-benavilaevalongo.pt\/index.php?rest_route=%2Fwp%2Fv2%2Fcomments&post=750"}],"version-history":[{"count":6,"href":"https:\/\/www.uf-benavilaevalongo.pt\/index.php?rest_route=\/wp\/v2\/pages\/750\/revisions"}],"predecessor-version":[{"id":910,"href":"https:\/\/www.uf-benavilaevalongo.pt\/index.php?rest_route=\/wp\/v2\/pages\/750\/revisions\/910"}],"wp:attachment":[{"href":"https:\/\/www.uf-benavilaevalongo.pt\/index.php?rest_route=%2Fwp%2Fv2%2Fmedia&parent=750"}],"curies":[{"name":"wp","href":"https:\/\/api.w.org\/{rel}","templated":true}]}}