{"id":550,"date":"2022-09-07T11:50:34","date_gmt":"2022-09-07T11:50:34","guid":{"rendered":"https:\/\/www.uf-benavilaevalongo.pt\/proposta\/?page_id=550"},"modified":"2022-09-07T16:01:14","modified_gmt":"2022-09-07T16:01:14","slug":"assembleia","status":"publish","type":"page","link":"https:\/\/www.uf-benavilaevalongo.pt\/?page_id=550","title":{"rendered":"Composi\u00e7\u00e3o da Assembleia de Freguesia"},"content":{"rendered":"\n<p><strong>Presidente<\/strong><br>Augusta Maria Pereira Cartas Ferreira | CDU<\/p>\n\n\n\n<p><strong>1\u00ba Secret\u00e1rio<\/strong><br>T\u00e2nia Maria Carrudo de Deus Martins | CDU<\/p>\n\n\n\n<p><strong>2\u00ba Secret\u00e1rio<\/strong><br>Pedro Miguel Pereira Grilo | CDU<\/p>\n\n\n\n<p><strong>Vogais<\/strong><br>Jo\u00e3o Maria Grilo | PS<br>Patroc\u00ednia Maria Agostinho Lucas Casaca | GCA<br>B\u00e1rbara da Concei\u00e7\u00e3o Gon\u00e7alves Rodrigues | PS<br>Jos\u00e9 da Silva Rodrigues Ribeiro | CDU<\/p>\n","protected":false},"excerpt":{"rendered":"<p>PresidenteAugusta Maria Pereira Cartas Ferreira | CDU 1\u00ba Secret\u00e1rioT\u00e2nia Maria Carrudo de Deus Martins | CDU 2\u00ba Secret\u00e1rioPedro Miguel Pereira Grilo | CDU VogaisJo\u00e3o Maria Grilo | PSPatroc\u00ednia Maria Agostinho Lucas Casaca | GCAB\u00e1rbara da Concei\u00e7\u00e3o Gon\u00e7alves Rodrigues | PSJos\u00e9 da Silva Rodrigues Ribeiro | CDU<\/p>\n","protected":false},"author":1,"featured_media":0,"parent":0,"menu_order":0,"comment_status":"closed","ping_status":"closed","template":"","meta":{"footnotes":""},"class_list":["post-550","page","type-page","status-publish","hentry"],"_links":{"self":[{"href":"https:\/\/www.uf-benavilaevalongo.pt\/index.php?rest_route=\/wp\/v2\/pages\/550","targetHints":{"allow":["GET"]}}],"collection":[{"href":"https:\/\/www.uf-benavilaevalongo.pt\/index.php?rest_route=\/wp\/v2\/pages"}],"about":[{"href":"https:\/\/www.uf-benavilaevalongo.pt\/index.php?rest_route=\/wp\/v2\/types\/page"}],"author":[{"embeddable":true,"href":"https:\/\/www.uf-benavilaevalongo.pt\/index.php?rest_route=\/wp\/v2\/users\/1"}],"replies":[{"embeddable":true,"href":"https:\/\/www.uf-benavilaevalongo.pt\/index.php?rest_route=%2Fwp%2Fv2%2Fcomments&post=550"}],"version-history":[{"count":5,"href":"https:\/\/www.uf-benavilaevalongo.pt\/index.php?rest_route=\/wp\/v2\/pages\/550\/revisions"}],"predecessor-version":[{"id":788,"href":"https:\/\/www.uf-benavilaevalongo.pt\/index.php?rest_route=\/wp\/v2\/pages\/550\/revisions\/788"}],"wp:attachment":[{"href":"https:\/\/www.uf-benavilaevalongo.pt\/index.php?rest_route=%2Fwp%2Fv2%2Fmedia&parent=550"}],"curies":[{"name":"wp","href":"https:\/\/api.w.org\/{rel}","templated":true}]}}