{"id":548,"date":"2022-09-07T11:50:10","date_gmt":"2022-09-07T11:50:10","guid":{"rendered":"https:\/\/www.uf-benavilaevalongo.pt\/proposta\/?page_id=548"},"modified":"2022-10-31T12:24:57","modified_gmt":"2022-10-31T12:24:57","slug":"executivo","status":"publish","type":"page","link":"https:\/\/www.uf-benavilaevalongo.pt\/?page_id=548","title":{"rendered":"Composi\u00e7\u00e3o do Executivo da Uni\u00e3o de Freguesias"},"content":{"rendered":"\n<p>A Junta de Freguesia \u00e9 o \u00f3rg\u00e3o executivo colegial da Freguesia e \u00e9 constitu\u00edda pelo Presidente e dois vogais, sendo que exercer\u00e3o as fun\u00e7\u00f5es de secret\u00e1rio e tesoureiro.<br>Nas freguesias com 5.000 ou menos eleitores h\u00e1 dois vogais, com mais de 5.000 e menos de 20.000 eleitores h\u00e1 quatro vogais e nas freguesias com 20.000 ou mais eleitores h\u00e1 seis vogais.<br><br><strong>Presidente<\/strong> <\/p>\n\n\n\n<p>Jo\u00e3o Miguel Martins  | CDU<\/p>\n\n\n\n<figure class=\"wp-block-image size-full\"><img loading=\"lazy\" decoding=\"async\" width=\"236\" height=\"299\" src=\"https:\/\/www.uf-benavilaevalongo.pt\/wp-content\/uploads\/2022\/09\/presidente.png\" alt=\"\" class=\"wp-image-741\"\/><\/figure>\n\n\n\n<p><strong>Secret\u00e1rio<\/strong><\/p>\n\n\n\n<p>Telmo Jos\u00e9 Martins Algarvio | CDU<br><\/p>\n\n\n\n<p><strong>Tesoureiro<\/strong><\/p>\n\n\n\n<p>Lu\u00edsa Maria Bernardino Ribeiro | CDU<\/p>\n","protected":false},"excerpt":{"rendered":"<p>A Junta de Freguesia \u00e9 o \u00f3rg\u00e3o executivo colegial da Freguesia e \u00e9 constitu\u00edda pelo Presidente e dois vogais, sendo que exercer\u00e3o as fun\u00e7\u00f5es de secret\u00e1rio e tesoureiro.Nas freguesias com 5.000 ou menos eleitores h\u00e1 dois vogais, com mais de 5.000 e menos de 20.000 eleitores h\u00e1 quatro vogais e nas freguesias com 20.000 ou [&hellip;]<\/p>\n","protected":false},"author":1,"featured_media":0,"parent":0,"menu_order":0,"comment_status":"closed","ping_status":"closed","template":"","meta":{"footnotes":""},"class_list":["post-548","page","type-page","status-publish","hentry"],"_links":{"self":[{"href":"https:\/\/www.uf-benavilaevalongo.pt\/index.php?rest_route=\/wp\/v2\/pages\/548","targetHints":{"allow":["GET"]}}],"collection":[{"href":"https:\/\/www.uf-benavilaevalongo.pt\/index.php?rest_route=\/wp\/v2\/pages"}],"about":[{"href":"https:\/\/www.uf-benavilaevalongo.pt\/index.php?rest_route=\/wp\/v2\/types\/page"}],"author":[{"embeddable":true,"href":"https:\/\/www.uf-benavilaevalongo.pt\/index.php?rest_route=\/wp\/v2\/users\/1"}],"replies":[{"embeddable":true,"href":"https:\/\/www.uf-benavilaevalongo.pt\/index.php?rest_route=%2Fwp%2Fv2%2Fcomments&post=548"}],"version-history":[{"count":8,"href":"https:\/\/www.uf-benavilaevalongo.pt\/index.php?rest_route=\/wp\/v2\/pages\/548\/revisions"}],"predecessor-version":[{"id":877,"href":"https:\/\/www.uf-benavilaevalongo.pt\/index.php?rest_route=\/wp\/v2\/pages\/548\/revisions\/877"}],"wp:attachment":[{"href":"https:\/\/www.uf-benavilaevalongo.pt\/index.php?rest_route=%2Fwp%2Fv2%2Fmedia&parent=548"}],"curies":[{"name":"wp","href":"https:\/\/api.w.org\/{rel}","templated":true}]}}