{"id":543,"date":"2022-09-07T11:23:30","date_gmt":"2022-09-07T11:23:30","guid":{"rendered":"https:\/\/www.uf-benavilaevalongo.pt\/proposta\/?page_id=543"},"modified":"2022-11-04T10:22:33","modified_gmt":"2022-11-04T10:22:33","slug":"historia-2","status":"publish","type":"page","link":"https:\/\/www.uf-benavilaevalongo.pt\/?page_id=543","title":{"rendered":"Hist\u00f3ria de Valongo"},"content":{"rendered":"\n<p>Situada a cerca de 18 km da sede de Concelho e com uma \u00e1rea de 83,44 km2, Valongo \u00e9 uma aldeia com ra\u00edzes hist\u00f3ricas remotas, como o testemunham os monumentos megal\u00edticos que se encontram nos arredores da povoa\u00e7\u00e3o. O branco das casas est\u00e1 envolto num enorme abra\u00e7o verde que se estende em seu redor e onde os adeptos da &#8220;ca\u00e7a grossa&#8221; podem ca\u00e7ar javalis e veados.<\/p>\n\n\n\n<p>Testemunha da passagem dos tempos, a aroeira centen\u00e1ria, situada junto da Igreja de Valongo e classificada como &#8220;\u00c1rvore de Interesse P\u00fablico&#8221; desde 1995, \u00e9 um dos ex-libris desta pacata localidade.<\/p>\n\n\n\n<p class=\"has-text-align-right has-text-color has-small-font-size\" style=\"color:#397849\">Fonte: Munic\u00edpio de Avis<\/p>\n","protected":false},"excerpt":{"rendered":"<p>Situada a cerca de 18 km da sede de Concelho e com uma \u00e1rea de 83,44 km2, Valongo \u00e9 uma aldeia com ra\u00edzes hist\u00f3ricas remotas, como o testemunham os monumentos megal\u00edticos que se encontram nos arredores da povoa\u00e7\u00e3o. O branco das casas est\u00e1 envolto num enorme abra\u00e7o verde que se estende em seu redor e [&hellip;]<\/p>\n","protected":false},"author":1,"featured_media":0,"parent":0,"menu_order":0,"comment_status":"closed","ping_status":"closed","template":"","meta":{"footnotes":""},"class_list":["post-543","page","type-page","status-publish","hentry"],"_links":{"self":[{"href":"https:\/\/www.uf-benavilaevalongo.pt\/index.php?rest_route=\/wp\/v2\/pages\/543","targetHints":{"allow":["GET"]}}],"collection":[{"href":"https:\/\/www.uf-benavilaevalongo.pt\/index.php?rest_route=\/wp\/v2\/pages"}],"about":[{"href":"https:\/\/www.uf-benavilaevalongo.pt\/index.php?rest_route=\/wp\/v2\/types\/page"}],"author":[{"embeddable":true,"href":"https:\/\/www.uf-benavilaevalongo.pt\/index.php?rest_route=\/wp\/v2\/users\/1"}],"replies":[{"embeddable":true,"href":"https:\/\/www.uf-benavilaevalongo.pt\/index.php?rest_route=%2Fwp%2Fv2%2Fcomments&post=543"}],"version-history":[{"count":4,"href":"https:\/\/www.uf-benavilaevalongo.pt\/index.php?rest_route=\/wp\/v2\/pages\/543\/revisions"}],"predecessor-version":[{"id":912,"href":"https:\/\/www.uf-benavilaevalongo.pt\/index.php?rest_route=\/wp\/v2\/pages\/543\/revisions\/912"}],"wp:attachment":[{"href":"https:\/\/www.uf-benavilaevalongo.pt\/index.php?rest_route=%2Fwp%2Fv2%2Fmedia&parent=543"}],"curies":[{"name":"wp","href":"https:\/\/api.w.org\/{rel}","templated":true}]}}