{"id":541,"date":"2022-09-07T11:23:10","date_gmt":"2022-09-07T11:23:10","guid":{"rendered":"https:\/\/www.uf-benavilaevalongo.pt\/proposta\/?page_id=541"},"modified":"2022-11-04T10:22:14","modified_gmt":"2022-11-04T10:22:14","slug":"historia","status":"publish","type":"page","link":"https:\/\/www.uf-benavilaevalongo.pt\/?page_id=541","title":{"rendered":"Hist\u00f3ria de Benavila"},"content":{"rendered":"\n<p>Benavila situa-se a norte da sede de Concelho, distando dela cerca de 6 km. Ocupa uma superf\u00edcie de 65,6 km2, que correspondem a cerca de 11% da \u00e1rea do Concelho. De acordo com os \u00faltimos censos realizados em 2001, o n\u00famero de habitantes \u00e9 de 1017.<\/p>\n\n\n\n<p>Benavila estende-se numa \u00e1rea relativamente plana, numa das margens da Albufeira do Maranh\u00e3o, onde o branco das habita\u00e7\u00f5es se destaca dos coloridos campos que a rodeiam. A proximidade do len\u00e7ol de \u00e1gua torna Benavila numa localidade privilegiada em termos de paisagem.<\/p>\n\n\n\n<p>A designa\u00e7\u00e3o de &#8220;Benavila&#8221; adv\u00e9m do facto de, durante v\u00e1rios s\u00e9culos, esta povoa\u00e7\u00e3o ser conhecida como &#8220;Buena Villa&#8221;, reportando-se \u00e0 predomin\u00e2ncia de campos f\u00e9rteis em seu redor, que lhe valeram um papel preponderante no per\u00edodo de conquista da nacionalidade, ao assegurar o abastecimento da Ordem de Avis.<\/p>\n\n\n\n<p>Nesta localidade encontra-se um pequeno templo constru\u00eddo no s\u00e9culo XV que se destaca pela sua originalidade arquitet\u00f3nica: a Capela de Nossa Senhora d&#8217;Entre \u00c1guas, cujo nome adv\u00e9m do facto de se situar na conflu\u00eancia das ribeiras de Seda e da Sarrazola. Nesta ermida encontra-se uma l\u00e1pide que est\u00e1 classificada como Monumento Nacional.<\/p>\n\n\n\n<p>Entre os mais destacados ex-libris de Benavila encontram-se os vinhos de excel\u00eancia produzidos pela Funda\u00e7\u00e3o Abreu Callado, distinguidos com v\u00e1rios pr\u00e9mios nacionais e internacionais.<\/p>\n\n\n\n<p class=\"has-text-align-right has-text-color has-small-font-size\" style=\"color:#397849\">Fonte: Munic\u00edpio de Avis<\/p>\n","protected":false},"excerpt":{"rendered":"<p>Benavila situa-se a norte da sede de Concelho, distando dela cerca de 6 km. Ocupa uma superf\u00edcie de 65,6 km2, que correspondem a cerca de 11% da \u00e1rea do Concelho. De acordo com os \u00faltimos censos realizados em 2001, o n\u00famero de habitantes \u00e9 de 1017. Benavila estende-se numa \u00e1rea relativamente plana, numa das margens [&hellip;]<\/p>\n","protected":false},"author":1,"featured_media":0,"parent":0,"menu_order":0,"comment_status":"closed","ping_status":"closed","template":"","meta":{"footnotes":""},"class_list":["post-541","page","type-page","status-publish","hentry"],"_links":{"self":[{"href":"https:\/\/www.uf-benavilaevalongo.pt\/index.php?rest_route=\/wp\/v2\/pages\/541","targetHints":{"allow":["GET"]}}],"collection":[{"href":"https:\/\/www.uf-benavilaevalongo.pt\/index.php?rest_route=\/wp\/v2\/pages"}],"about":[{"href":"https:\/\/www.uf-benavilaevalongo.pt\/index.php?rest_route=\/wp\/v2\/types\/page"}],"author":[{"embeddable":true,"href":"https:\/\/www.uf-benavilaevalongo.pt\/index.php?rest_route=\/wp\/v2\/users\/1"}],"replies":[{"embeddable":true,"href":"https:\/\/www.uf-benavilaevalongo.pt\/index.php?rest_route=%2Fwp%2Fv2%2Fcomments&post=541"}],"version-history":[{"count":5,"href":"https:\/\/www.uf-benavilaevalongo.pt\/index.php?rest_route=\/wp\/v2\/pages\/541\/revisions"}],"predecessor-version":[{"id":911,"href":"https:\/\/www.uf-benavilaevalongo.pt\/index.php?rest_route=\/wp\/v2\/pages\/541\/revisions\/911"}],"wp:attachment":[{"href":"https:\/\/www.uf-benavilaevalongo.pt\/index.php?rest_route=%2Fwp%2Fv2%2Fmedia&parent=541"}],"curies":[{"name":"wp","href":"https:\/\/api.w.org\/{rel}","templated":true}]}}