{"id":38,"date":"2022-08-19T11:19:58","date_gmt":"2022-08-19T11:19:58","guid":{"rendered":"https:\/\/uf-benavilaevalongo.pt\/proposta\/?page_id=38"},"modified":"2022-10-31T12:15:50","modified_gmt":"2022-10-31T12:15:50","slug":"galeria","status":"publish","type":"page","link":"https:\/\/www.uf-benavilaevalongo.pt\/?page_id=38","title":{"rendered":"Galeria"},"content":{"rendered":"\n<p>Informa\u00e7\u00e3o brevemente dispon\u00edvel<\/p>\n","protected":false},"excerpt":{"rendered":"<p>Informa\u00e7\u00e3o brevemente dispon\u00edvel<\/p>\n","protected":false},"author":1,"featured_media":0,"parent":0,"menu_order":0,"comment_status":"closed","ping_status":"closed","template":"","meta":{"footnotes":""},"class_list":["post-38","page","type-page","status-publish","hentry"],"_links":{"self":[{"href":"https:\/\/www.uf-benavilaevalongo.pt\/index.php?rest_route=\/wp\/v2\/pages\/38","targetHints":{"allow":["GET"]}}],"collection":[{"href":"https:\/\/www.uf-benavilaevalongo.pt\/index.php?rest_route=\/wp\/v2\/pages"}],"about":[{"href":"https:\/\/www.uf-benavilaevalongo.pt\/index.php?rest_route=\/wp\/v2\/types\/page"}],"author":[{"embeddable":true,"href":"https:\/\/www.uf-benavilaevalongo.pt\/index.php?rest_route=\/wp\/v2\/users\/1"}],"replies":[{"embeddable":true,"href":"https:\/\/www.uf-benavilaevalongo.pt\/index.php?rest_route=%2Fwp%2Fv2%2Fcomments&post=38"}],"version-history":[{"count":3,"href":"https:\/\/www.uf-benavilaevalongo.pt\/index.php?rest_route=\/wp\/v2\/pages\/38\/revisions"}],"predecessor-version":[{"id":873,"href":"https:\/\/www.uf-benavilaevalongo.pt\/index.php?rest_route=\/wp\/v2\/pages\/38\/revisions\/873"}],"wp:attachment":[{"href":"https:\/\/www.uf-benavilaevalongo.pt\/index.php?rest_route=%2Fwp%2Fv2%2Fmedia&parent=38"}],"curies":[{"name":"wp","href":"https:\/\/api.w.org\/{rel}","templated":true}]}}