{"id":36,"date":"2022-08-19T11:19:46","date_gmt":"2022-08-19T11:19:46","guid":{"rendered":"https:\/\/uf-benavilaevalongo.pt\/proposta\/?page_id=36"},"modified":"2024-01-17T12:26:20","modified_gmt":"2024-01-17T12:26:20","slug":"contactos","status":"publish","type":"page","link":"https:\/\/www.uf-benavilaevalongo.pt\/?page_id=36","title":{"rendered":"Contactos"},"content":{"rendered":"\n<hr class=\"wp-block-separator has-alpha-channel-opacity\"\/>\n\n\n\n<div class=\"wp-block-columns is-layout-flex wp-container-core-columns-is-layout-9d6595d7 wp-block-columns-is-layout-flex\">\n<div class=\"wp-block-column is-layout-flow wp-block-column-is-layout-flow\" style=\"flex-basis:66.66%\">\n<p><strong class=\"titulosufbenavilavalongo\">Uni\u00e3o de Freguesias de Benavila e Valongo<\/strong><br>Rua 25 de Abril, n.\u00ba 35<br>7480-226 Benavila<br>Telef.: 242 434 251 \/ 242 434 231 (Chamada Rede fixa nacional)<br>Fax: 242 434 794 \/ 242 434 032 (Chamada Rede fixa nacional)<br>ufbenavilavalongo@sapo.pt<\/p>\n<\/div>\n\n\n\n<div class=\"wp-block-column is-layout-flow wp-block-column-is-layout-flow\" style=\"flex-basis:33.33%\">\n<div class=\"wp-block-media-text alignwide is-stacked-on-mobile\"><figure class=\"wp-block-media-text__media\"><img loading=\"lazy\" decoding=\"async\" width=\"402\" height=\"896\" src=\"https:\/\/www.uf-benavilaevalongo.pt\/wp-content\/uploads\/2022\/11\/benavilaevalongo_vert.png\" alt=\"\" class=\"wp-image-923 size-full\" srcset=\"https:\/\/www.uf-benavilaevalongo.pt\/wp-content\/uploads\/2022\/11\/benavilaevalongo_vert.png 402w, https:\/\/www.uf-benavilaevalongo.pt\/wp-content\/uploads\/2022\/11\/benavilaevalongo_vert-135x300.png 135w\" sizes=\"auto, (max-width: 402px) 100vw, 402px\" \/><\/figure><div class=\"wp-block-media-text__content\">\n<p><\/p>\n<\/div><\/div>\n<\/div>\n<\/div>\n\n\n\n<hr class=\"wp-block-separator has-alpha-channel-opacity\"\/>\n\n\n\n<h2 class=\"wp-block-heading\">Outros contactos \u00fateis<\/h2>\n\n\n\n<hr class=\"wp-block-separator has-alpha-channel-opacity\"\/>\n\n\n\n<div class=\"wp-block-columns is-layout-flex wp-container-core-columns-is-layout-9d6595d7 wp-block-columns-is-layout-flex\">\n<div class=\"wp-block-column is-layout-flow wp-block-column-is-layout-flow\" style=\"flex-basis:66.66%\">\n<p><strong class=\"titulosufbenavilavalongo\">Munic\u00edpio de Avis<\/strong><br>Largo C\u00e2ndido dos Reis<br>7480 \u2013 116 Avis<br>Telef.: 242 410 060, Fax: 242 410 099<br>geral@cm-avis.pt<br><a href=\"http:\/\/www.cm-avis.pt\/\">www.cm-avis.pt<\/a><\/p>\n<\/div>\n\n\n\n<div class=\"wp-block-column is-layout-flow wp-block-column-is-layout-flow\" style=\"flex-basis:33.33%\">\n<div class=\"wp-block-media-text alignwide is-stacked-on-mobile\"><figure class=\"wp-block-media-text__media\"><img loading=\"lazy\" decoding=\"async\" width=\"300\" height=\"176\" src=\"https:\/\/www.uf-benavilaevalongo.pt\/wp-content\/uploads\/2022\/08\/cmavis.jpg\" alt=\"\" class=\"wp-image-382 size-full\"\/><\/figure><div class=\"wp-block-media-text__content\">\n<p><\/p>\n<\/div><\/div>\n<\/div>\n<\/div>\n\n\n\n<hr class=\"wp-block-separator has-alpha-channel-opacity\"\/>\n\n\n\n<div class=\"wp-block-columns is-layout-flex wp-container-core-columns-is-layout-9d6595d7 wp-block-columns-is-layout-flex\">\n<div class=\"wp-block-column is-layout-flow wp-block-column-is-layout-flow\" style=\"flex-basis:66.66%\">\n<p><strong class=\"titulosufbenavilavalongo\">Freguesia de Avis<\/strong><br>Rua Plano da Urbaniza\u00e7\u00e3o<br>7480 \u2013 150 Avis<br>Telef.: 242 412 401, Fax: 242 412 202<br>freguesia.avis@gmail.com<\/p>\n<\/div>\n\n\n\n<div class=\"wp-block-column is-layout-flow wp-block-column-is-layout-flow\" style=\"flex-basis:33.33%\">\n<div class=\"wp-block-media-text alignwide is-stacked-on-mobile\"><figure class=\"wp-block-media-text__media\"><img loading=\"lazy\" decoding=\"async\" width=\"413\" height=\"432\" src=\"https:\/\/www.uf-benavilaevalongo.pt\/wp-content\/uploads\/2022\/08\/AVS-avis.gif\" alt=\"\" class=\"wp-image-392 size-full\"\/><\/figure><div class=\"wp-block-media-text__content\">\n<p><\/p>\n<\/div><\/div>\n<\/div>\n<\/div>\n\n\n\n<hr class=\"wp-block-separator has-alpha-channel-opacity\"\/>\n\n\n\n<div class=\"wp-block-columns is-layout-flex wp-container-core-columns-is-layout-9d6595d7 wp-block-columns-is-layout-flex\">\n<div class=\"wp-block-column is-layout-flow wp-block-column-is-layout-flow\" style=\"flex-basis:66.66%\">\n<p><strong class=\"titulosufbenavilavalongo\">Freguesia de Aldeia Velha<\/strong><br>Rua Grande n.\u00ba 42<br>7480-051 Aldeia Velha<br>Telef.: 242 983 365<br>Fax: 242 983 365<br>jfreg.aldeiavelha@mail.telepac.pt<br><a href=\"http:\/\/www.jf-aldeiavelha.pt\/\">http:\/\/www.jf-aldeiavelha.pt<\/a><\/p>\n<\/div>\n\n\n\n<div class=\"wp-block-column is-layout-flow wp-block-column-is-layout-flow\" style=\"flex-basis:33.33%\">\n<div class=\"wp-block-media-text alignwide is-stacked-on-mobile\"><figure class=\"wp-block-media-text__media\"><img loading=\"lazy\" decoding=\"async\" width=\"331\" height=\"346\" src=\"https:\/\/www.uf-benavilaevalongo.pt\/wp-content\/uploads\/2022\/08\/jfaldeiavelha.png\" alt=\"\" class=\"wp-image-386 size-full\" srcset=\"https:\/\/www.uf-benavilaevalongo.pt\/wp-content\/uploads\/2022\/08\/jfaldeiavelha.png 331w, https:\/\/www.uf-benavilaevalongo.pt\/wp-content\/uploads\/2022\/08\/jfaldeiavelha-287x300.png 287w\" sizes=\"auto, (max-width: 331px) 100vw, 331px\" \/><\/figure><div class=\"wp-block-media-text__content\">\n<p><\/p>\n<\/div><\/div>\n<\/div>\n<\/div>\n\n\n\n<hr class=\"wp-block-separator has-alpha-channel-opacity\"\/>\n\n\n\n<div class=\"wp-block-columns is-layout-flex wp-container-core-columns-is-layout-9d6595d7 wp-block-columns-is-layout-flex\">\n<div class=\"wp-block-column is-layout-flow wp-block-column-is-layout-flow\" style=\"flex-basis:66.66%\">\n<p><strong class=\"titulosufbenavilavalongo\">Uni\u00e3o de Freguesias de Alc\u00f3rrego e Maranh\u00e3o<\/strong><br>Av\u00aa 25 de Abril, n.\u00ba 9, 7480-028, Alc\u00f3rrego<br>Rua da Junta, n.\u00ba 3, 7480-373, Maranh\u00e3o<br>Telef. Alc\u00f3rrego: 242 412 231<br>Telef. Maranh\u00e3o: 242 412 935<br>jfreg.alcorrego.maranhao@gmail.com<br><a href=\"http:\/\/www.jf-alcorrego-maranhao.pt\/\">http:\/\/www.jf-alcorrego-maranhao.pt<\/a><\/p>\n<\/div>\n\n\n\n<div class=\"wp-block-column is-layout-flow wp-block-column-is-layout-flow\" style=\"flex-basis:33.33%\">\n<div class=\"wp-block-media-text alignwide is-stacked-on-mobile\"><figure class=\"wp-block-media-text__media\"><img loading=\"lazy\" decoding=\"async\" width=\"319\" height=\"674\" src=\"https:\/\/www.uf-benavilaevalongo.pt\/wp-content\/uploads\/2022\/08\/uniaoalcorrmaranhao.png\" alt=\"\" class=\"wp-image-388 size-full\" srcset=\"https:\/\/www.uf-benavilaevalongo.pt\/wp-content\/uploads\/2022\/08\/uniaoalcorrmaranhao.png 319w, https:\/\/www.uf-benavilaevalongo.pt\/wp-content\/uploads\/2022\/08\/uniaoalcorrmaranhao-142x300.png 142w\" sizes=\"auto, (max-width: 319px) 100vw, 319px\" \/><\/figure><div class=\"wp-block-media-text__content\">\n<p><\/p>\n<\/div><\/div>\n<\/div>\n<\/div>\n\n\n\n<hr class=\"wp-block-separator has-alpha-channel-opacity\"\/>\n\n\n\n<div class=\"wp-block-columns is-layout-flex wp-container-core-columns-is-layout-9d6595d7 wp-block-columns-is-layout-flex\">\n<div class=\"wp-block-column is-layout-flow wp-block-column-is-layout-flow\" style=\"flex-basis:66.66%\">\n<p><strong class=\"titulosufbenavilavalongo\">Freguesia de Ervedal<\/strong><br>Bairro do Junquilho<br>Largo M\u00e1rio Saa<br>7480-282 Ervedal<br>Telef.: 242 465 421, Fax: 242 465 423<br>geral@jf-ervedal.pt<br><a href=\"http:\/\/www.jf-ervedal.pt\/\">http:\/\/www.jf-ervedal.pt<\/a><\/p>\n<\/div>\n\n\n\n<div class=\"wp-block-column is-layout-flow wp-block-column-is-layout-flow\" style=\"flex-basis:33.33%\">\n<div class=\"wp-block-media-text alignwide is-stacked-on-mobile\"><figure class=\"wp-block-media-text__media\"><img loading=\"lazy\" decoding=\"async\" width=\"368\" height=\"433\" src=\"https:\/\/www.uf-benavilaevalongo.pt\/wp-content\/uploads\/2022\/08\/ervedal.png\" alt=\"\" class=\"wp-image-391 size-full\" srcset=\"https:\/\/www.uf-benavilaevalongo.pt\/wp-content\/uploads\/2022\/08\/ervedal.png 368w, https:\/\/www.uf-benavilaevalongo.pt\/wp-content\/uploads\/2022\/08\/ervedal-255x300.png 255w\" sizes=\"auto, (max-width: 368px) 100vw, 368px\" \/><\/figure><div class=\"wp-block-media-text__content\">\n<p><\/p>\n<\/div><\/div>\n<\/div>\n<\/div>\n\n\n\n<hr class=\"wp-block-separator has-alpha-channel-opacity\"\/>\n\n\n\n<div class=\"wp-block-columns is-layout-flex wp-container-core-columns-is-layout-9d6595d7 wp-block-columns-is-layout-flex\">\n<div class=\"wp-block-column is-layout-flow wp-block-column-is-layout-flow\" style=\"flex-basis:66.66%\">\n<p><strong class=\"titulosufbenavilavalongo\">Freguesia de Figueira e Barros<\/strong><br>Largo Luis de Cam\u00f5es<br>7480-351 Figueira e Barros<br>Telef.: 242 465 116<br>Fax: 242 465 518<br>fregfigueirabarros@mail.telepac.pt<\/p>\n<\/div>\n\n\n\n<div class=\"wp-block-column is-layout-flow wp-block-column-is-layout-flow\" style=\"flex-basis:33.33%\">\n<div class=\"wp-block-media-text alignwide is-stacked-on-mobile\"><figure class=\"wp-block-media-text__media\"><img loading=\"lazy\" decoding=\"async\" width=\"413\" height=\"434\" src=\"https:\/\/www.uf-benavilaevalongo.pt\/wp-content\/uploads\/2022\/08\/figueirabarros.png\" alt=\"\" class=\"wp-image-390 size-full\" srcset=\"https:\/\/www.uf-benavilaevalongo.pt\/wp-content\/uploads\/2022\/08\/figueirabarros.png 413w, https:\/\/www.uf-benavilaevalongo.pt\/wp-content\/uploads\/2022\/08\/figueirabarros-285x300.png 285w\" sizes=\"auto, (max-width: 413px) 100vw, 413px\" \/><\/figure><div class=\"wp-block-media-text__content\">\n<p><\/p>\n<\/div><\/div>\n<\/div>\n<\/div>\n\n\n\n<hr class=\"wp-block-separator has-alpha-channel-opacity\"\/>\n\n\n\n<div class=\"wp-block-columns is-layout-flex wp-container-core-columns-is-layout-9d6595d7 wp-block-columns-is-layout-flex\">\n<div class=\"wp-block-column is-layout-flow wp-block-column-is-layout-flow\" style=\"flex-basis:66.66%\">\n<p><strong class=\"titulosufbenavilavalongo\">Associa\u00e7\u00e3o Humanit\u00e1ria dos Bombeiros Volunt\u00e1rios de Avis<\/strong><br>Bairro Bico Forte , Avis<br>7480-106 AVIS<br>Telf.: 242 412 912, Fax: 242 412 175<br>ahbvavisenses@mail.telepac.pt<\/p>\n<\/div>\n\n\n\n<div class=\"wp-block-column is-layout-flow wp-block-column-is-layout-flow\" style=\"flex-basis:33.33%\">\n<div class=\"wp-block-media-text alignwide is-stacked-on-mobile\"><figure class=\"wp-block-media-text__media\"><img loading=\"lazy\" decoding=\"async\" width=\"218\" height=\"231\" src=\"https:\/\/www.uf-benavilaevalongo.pt\/wp-content\/uploads\/2022\/08\/bvavis.jpg\" alt=\"\" class=\"wp-image-380 size-full\"\/><\/figure><div class=\"wp-block-media-text__content\">\n<p><\/p>\n<\/div><\/div>\n<\/div>\n<\/div>\n\n\n\n<hr class=\"wp-block-separator has-alpha-channel-opacity\"\/>\n\n\n\n<div class=\"wp-block-columns is-layout-flex wp-container-core-columns-is-layout-9d6595d7 wp-block-columns-is-layout-flex\">\n<div class=\"wp-block-column is-layout-flow wp-block-column-is-layout-flow\" style=\"flex-basis:66.66%\">\n<p><strong class=\"titulosufbenavilavalongo\">Centro de Sa\u00fade de Avis<\/strong><br>Courela da Fonte<br>7480-000 AVIS<br>Telef.: 242 410 170, Fax: 242 412 522<\/p>\n<\/div>\n\n\n\n<div class=\"wp-block-column is-layout-flow wp-block-column-is-layout-flow\" style=\"flex-basis:33.33%\">\n<div class=\"wp-block-media-text alignwide is-stacked-on-mobile\"><figure class=\"wp-block-media-text__media\"><img loading=\"lazy\" decoding=\"async\" width=\"215\" height=\"219\" src=\"https:\/\/www.uf-benavilaevalongo.pt\/wp-content\/uploads\/2022\/08\/centrosaude.png\" alt=\"\" class=\"wp-image-381 size-full\"\/><\/figure><div class=\"wp-block-media-text__content\">\n<p><\/p>\n<\/div><\/div>\n<\/div>\n<\/div>\n\n\n\n<hr class=\"wp-block-separator has-alpha-channel-opacity\"\/>\n\n\n\n<div class=\"wp-block-columns is-layout-flex wp-container-core-columns-is-layout-9d6595d7 wp-block-columns-is-layout-flex\">\n<div class=\"wp-block-column is-layout-flow wp-block-column-is-layout-flow\" style=\"flex-basis:66.66%\">\n<p><strong class=\"titulosufbenavilavalongo\">GNR \u2013 Guarda Nacional Republicana<\/strong><br>Largo C\u00e2ndido dos Reis, 7480-116 Avis<br>Telef.: 242 412 222<br>Fax: 242 249 028<br>ct.ptg.dpsr.pavs@gnr.pt<\/p>\n<\/div>\n\n\n\n<div class=\"wp-block-column is-layout-flow wp-block-column-is-layout-flow\" style=\"flex-basis:33.33%\">\n<div class=\"wp-block-media-text alignwide is-stacked-on-mobile\"><figure class=\"wp-block-media-text__media\"><img loading=\"lazy\" decoding=\"async\" width=\"161\" height=\"200\" src=\"https:\/\/www.uf-benavilaevalongo.pt\/wp-content\/uploads\/2022\/08\/gnr.png\" alt=\"\" class=\"wp-image-385 size-full\"\/><\/figure><div class=\"wp-block-media-text__content\">\n<p><\/p>\n<\/div><\/div>\n<\/div>\n<\/div>\n\n\n\n<hr class=\"wp-block-separator has-alpha-channel-opacity\"\/>\n\n\n\n<div class=\"wp-block-columns is-layout-flex wp-container-core-columns-is-layout-9d6595d7 wp-block-columns-is-layout-flex\">\n<div class=\"wp-block-column is-layout-flow wp-block-column-is-layout-flow\" style=\"flex-basis:66.66%\">\n<p><strong class=\"titulosufbenavilavalongo\">Farm\u00e1cia Nova de Aviz<\/strong><br>Rua 1\u00ba de Maio , 59<br>7480-153 Avis<br>Telef.: 242 412 216<\/p>\n<\/div>\n\n\n\n<div class=\"wp-block-column is-layout-flow wp-block-column-is-layout-flow\" style=\"flex-basis:33.33%\">\n<div class=\"wp-block-media-text alignwide is-stacked-on-mobile\"><figure class=\"wp-block-media-text__media\"><img loading=\"lazy\" decoding=\"async\" width=\"288\" height=\"288\" src=\"https:\/\/www.uf-benavilaevalongo.pt\/wp-content\/uploads\/2022\/08\/farmacia.png\" alt=\"\" class=\"wp-image-383 size-full\" srcset=\"https:\/\/www.uf-benavilaevalongo.pt\/wp-content\/uploads\/2022\/08\/farmacia.png 288w, https:\/\/www.uf-benavilaevalongo.pt\/wp-content\/uploads\/2022\/08\/farmacia-150x150.png 150w\" sizes=\"auto, (max-width: 288px) 100vw, 288px\" \/><\/figure><div class=\"wp-block-media-text__content\">\n<p><\/p>\n<\/div><\/div>\n<\/div>\n<\/div>\n\n\n\n<hr class=\"wp-block-separator has-alpha-channel-opacity\"\/>\n\n\n\n<div class=\"wp-block-columns is-layout-flex wp-container-core-columns-is-layout-9d6595d7 wp-block-columns-is-layout-flex\">\n<div class=\"wp-block-column is-layout-flow wp-block-column-is-layout-flow\" style=\"flex-basis:66.66%\">\n<p><strong class=\"titulosufbenavilavalongo\">Rancho Folcl\u00f3rico de Avis<\/strong><br><a rel=\"noreferrer noopener\" href=\"https:\/\/www.facebook.com\/ranchofolclorico.avis\" target=\"_blank\">https:\/\/www.facebook.com\/ranchofolclorico.avis<\/a><\/p>\n<\/div>\n\n\n\n<div class=\"wp-block-column is-layout-flow wp-block-column-is-layout-flow\" style=\"flex-basis:33.33%\">\n<div class=\"wp-block-media-text alignwide is-stacked-on-mobile\"><figure class=\"wp-block-media-text__media\"><img loading=\"lazy\" decoding=\"async\" width=\"500\" height=\"483\" src=\"https:\/\/www.uf-benavilaevalongo.pt\/wp-content\/uploads\/2022\/08\/ranchoavis.png\" alt=\"\" class=\"wp-image-387 size-full\" srcset=\"https:\/\/www.uf-benavilaevalongo.pt\/wp-content\/uploads\/2022\/08\/ranchoavis.png 500w, https:\/\/www.uf-benavilaevalongo.pt\/wp-content\/uploads\/2022\/08\/ranchoavis-300x290.png 300w\" sizes=\"auto, (max-width: 500px) 100vw, 500px\" \/><\/figure><div class=\"wp-block-media-text__content\">\n<p><\/p>\n<\/div><\/div>\n<\/div>\n<\/div>\n\n\n\n<hr class=\"wp-block-separator has-alpha-channel-opacity\"\/>\n\n\n\n<div class=\"wp-block-columns is-layout-flex wp-container-core-columns-is-layout-9d6595d7 wp-block-columns-is-layout-flex\">\n<div class=\"wp-block-column is-layout-flow wp-block-column-is-layout-flow\" style=\"flex-basis:66.66%\">\n<p><strong class=\"titulosufbenavilavalongo\">Clube de Futebol os Avisenses<\/strong><br>Pra\u00e7a Serpa Pinto, 16<br>7480-122 Avis<\/p>\n\n\n\n<p><a href=\"https:\/\/www.facebook.com\/OsAvisenses\/\">https:\/\/www.facebook.com\/OsAvisenses\/<\/a><\/p>\n<\/div>\n\n\n\n<div class=\"wp-block-column is-layout-flow wp-block-column-is-layout-flow\" style=\"flex-basis:33.33%\">\n<div class=\"wp-block-media-text alignwide is-stacked-on-mobile\"><figure class=\"wp-block-media-text__media\"><img loading=\"lazy\" decoding=\"async\" width=\"152\" height=\"195\" src=\"https:\/\/www.uf-benavilaevalongo.pt\/wp-content\/uploads\/2022\/08\/avisenses.png\" alt=\"\" class=\"wp-image-379 size-full\"\/><\/figure><div class=\"wp-block-media-text__content\">\n<p><\/p>\n<\/div><\/div>\n<\/div>\n<\/div>\n\n\n\n<hr class=\"wp-block-separator has-alpha-channel-opacity\"\/>\n\n\n\n<div class=\"wp-block-columns is-layout-flex wp-container-core-columns-is-layout-9d6595d7 wp-block-columns-is-layout-flex\">\n<div class=\"wp-block-column is-layout-flow wp-block-column-is-layout-flow\" style=\"flex-basis:66.66%\">\n<p><strong class=\"titulosufbenavilavalongo\">Associa\u00e7\u00e3o de Pais e Encarregados de Educa\u00e7\u00e3o das Escolas do Concelho de Avis \u2013 APEEECA<\/strong><\/p>\n\n\n\n<p>Estrada Nacional 244<br>7480-115 Avis<br>apeeeca@participais.net<br><a href=\"http:\/\/www.participais.net\/\">http:\/\/www.participais.net\/<\/a><\/p>\n<\/div>\n\n\n\n<div class=\"wp-block-column is-layout-flow wp-block-column-is-layout-flow\" style=\"flex-basis:33.33%\">\n<div class=\"wp-block-media-text alignwide is-stacked-on-mobile\"><figure class=\"wp-block-media-text__media\"><img loading=\"lazy\" decoding=\"async\" width=\"329\" height=\"228\" src=\"https:\/\/www.uf-benavilaevalongo.pt\/wp-content\/uploads\/2022\/08\/apeeca.png\" alt=\"\" class=\"wp-image-378 size-full\" srcset=\"https:\/\/www.uf-benavilaevalongo.pt\/wp-content\/uploads\/2022\/08\/apeeca.png 329w, https:\/\/www.uf-benavilaevalongo.pt\/wp-content\/uploads\/2022\/08\/apeeca-300x208.png 300w\" sizes=\"auto, (max-width: 329px) 100vw, 329px\" \/><\/figure><div class=\"wp-block-media-text__content\">\n<p><\/p>\n<\/div><\/div>\n<\/div>\n<\/div>\n\n\n\n<hr class=\"wp-block-separator has-alpha-channel-opacity\"\/>\n\n\n\n<div class=\"wp-block-columns is-layout-flex wp-container-core-columns-is-layout-9d6595d7 wp-block-columns-is-layout-flex\">\n<div class=\"wp-block-column is-layout-flow wp-block-column-is-layout-flow\" style=\"flex-basis:66.66%\">\n<p><strong class=\"titulosufbenavilavalongo\">Grupo de Teatro Fazigual<\/strong><br><a rel=\"noreferrer noopener\" href=\"https:\/\/www.facebook.com\/fazigual\" target=\"_blank\">https:\/\/www.facebook.com\/fazigual<\/a><\/p>\n<\/div>\n\n\n\n<div class=\"wp-block-column is-layout-flow wp-block-column-is-layout-flow\" style=\"flex-basis:33.33%\">\n<div class=\"wp-block-media-text alignwide is-stacked-on-mobile\"><figure class=\"wp-block-media-text__media\"><img loading=\"lazy\" decoding=\"async\" width=\"342\" height=\"165\" src=\"https:\/\/www.uf-benavilaevalongo.pt\/wp-content\/uploads\/2022\/08\/fazigual.png\" alt=\"\" class=\"wp-image-384 size-full\" srcset=\"https:\/\/www.uf-benavilaevalongo.pt\/wp-content\/uploads\/2022\/08\/fazigual.png 342w, https:\/\/www.uf-benavilaevalongo.pt\/wp-content\/uploads\/2022\/08\/fazigual-300x145.png 300w\" sizes=\"auto, (max-width: 342px) 100vw, 342px\" \/><\/figure><div class=\"wp-block-media-text__content\">\n<p><\/p>\n<\/div><\/div>\n<\/div>\n<\/div>\n\n\n\n<hr class=\"wp-block-separator has-alpha-channel-opacity\"\/>\n\n\n\n<div class=\"wp-block-columns is-layout-flex wp-container-core-columns-is-layout-9d6595d7 wp-block-columns-is-layout-flex\">\n<div class=\"wp-block-column is-layout-flow wp-block-column-is-layout-flow\" style=\"flex-basis:66.66%\">\n<p><strong class=\"titulosufbenavilavalongo\">Associa\u00e7\u00e3o Nacional de Freguesias<\/strong><br><a href=\"http:\/\/www.anafre.pt\/\">http:\/\/www.anafre.pt<\/a><\/p>\n<\/div>\n\n\n\n<div class=\"wp-block-column is-layout-flow wp-block-column-is-layout-flow\" style=\"flex-basis:33.33%\">\n<div class=\"wp-block-media-text alignwide is-stacked-on-mobile\"><figure class=\"wp-block-media-text__media\"><img loading=\"lazy\" decoding=\"async\" width=\"187\" height=\"188\" src=\"https:\/\/www.uf-benavilaevalongo.pt\/wp-content\/uploads\/2022\/08\/anafre.png\" alt=\"\" class=\"wp-image-389 size-full\" srcset=\"https:\/\/www.uf-benavilaevalongo.pt\/wp-content\/uploads\/2022\/08\/anafre.png 187w, https:\/\/www.uf-benavilaevalongo.pt\/wp-content\/uploads\/2022\/08\/anafre-150x150.png 150w\" sizes=\"auto, (max-width: 187px) 100vw, 187px\" \/><\/figure><div class=\"wp-block-media-text__content\">\n<p><\/p>\n<\/div><\/div>\n<\/div>\n<\/div>\n","protected":false},"excerpt":{"rendered":"<p>Uni\u00e3o de Freguesias de Benavila e ValongoRua 25 de Abril, n.\u00ba 357480-226 BenavilaTelef.: 242 434 251 \/ 242 434 231 (Chamada Rede fixa nacional)Fax: 242 434 794 \/ 242 434 032 (Chamada Rede fixa nacional)ufbenavilavalongo@sapo.pt Outros contactos \u00fateis Munic\u00edpio de AvisLargo C\u00e2ndido dos Reis7480 \u2013 116 AvisTelef.: 242 410 060, Fax: 242 410 099geral@cm-avis.ptwww.cm-avis.pt Freguesia [&hellip;]<\/p>\n","protected":false},"author":1,"featured_media":0,"parent":0,"menu_order":0,"comment_status":"closed","ping_status":"closed","template":"","meta":{"footnotes":""},"class_list":["post-36","page","type-page","status-publish","hentry"],"_links":{"self":[{"href":"https:\/\/www.uf-benavilaevalongo.pt\/index.php?rest_route=\/wp\/v2\/pages\/36","targetHints":{"allow":["GET"]}}],"collection":[{"href":"https:\/\/www.uf-benavilaevalongo.pt\/index.php?rest_route=\/wp\/v2\/pages"}],"about":[{"href":"https:\/\/www.uf-benavilaevalongo.pt\/index.php?rest_route=\/wp\/v2\/types\/page"}],"author":[{"embeddable":true,"href":"https:\/\/www.uf-benavilaevalongo.pt\/index.php?rest_route=\/wp\/v2\/users\/1"}],"replies":[{"embeddable":true,"href":"https:\/\/www.uf-benavilaevalongo.pt\/index.php?rest_route=%2Fwp%2Fv2%2Fcomments&post=36"}],"version-history":[{"count":47,"href":"https:\/\/www.uf-benavilaevalongo.pt\/index.php?rest_route=\/wp\/v2\/pages\/36\/revisions"}],"predecessor-version":[{"id":1062,"href":"https:\/\/www.uf-benavilaevalongo.pt\/index.php?rest_route=\/wp\/v2\/pages\/36\/revisions\/1062"}],"wp:attachment":[{"href":"https:\/\/www.uf-benavilaevalongo.pt\/index.php?rest_route=%2Fwp%2Fv2%2Fmedia&parent=36"}],"curies":[{"name":"wp","href":"https:\/\/api.w.org\/{rel}","templated":true}]}}