{"id":2,"date":"2022-07-19T09:26:44","date_gmt":"2022-07-19T09:26:44","guid":{"rendered":"https:\/\/uf-benavilaevalongo.pt\/proposta\/?page_id=2"},"modified":"2026-04-29T16:24:13","modified_gmt":"2026-04-29T16:24:13","slug":"sample-page","status":"publish","type":"page","link":"https:\/\/www.uf-benavilaevalongo.pt\/","title":{"rendered":"In\u00edcio"},"content":{"rendered":"\n<h2 class=\"wp-block-heading\">Destaques<\/h2>\n\n\n<hr class=\"wp-block-separator has-alpha-channel-opacity\"\/>\n \n\n\n<h2 class=\"wp-block-heading\">Presta\u00e7\u00e3o de contas, ano 2025<\/h2>\n\n\n\n<p>J\u00e1 se encontram dispon\u00edveis para consulta os seguintes documentos:<\/p>\n\n\n\n<p>Documentos de Presta\u00e7\u00e3o de Contas do ano 2025<\/p>\n\n\n\n<a href=\"https:\/\/www.uf-benavilaevalongo.pt\/?mdocs-file=1420\" target=\"blank\" rel=\"noopener\">Consultar aqui<\/a>\n\n\n\n<p><\/p>\n\n\n\n<hr class=\"wp-block-separator has-alpha-channel-opacity\"\/>\n\n\n\n<h2 class=\"wp-block-heading\">Sess\u00e3o Ordin\u00e1ria da Assembleia de Freguesia \u2013 28\/04\/2026 \u00e0s 20:00 horas<\/h2>\n\n\n\n<p>Est\u00e3o dispon\u00edveis a convocat\u00f3ria e ordem de trabalhos para a Sess\u00e3o Ordin\u00e1ria da Assembleia de Freguesia, a realizar no dia 28 de abril de 2026, pelas 20:00 horas nas instala\u00e7\u00f5es da Junta de Freguesia, sitas na Rua 25 de Abril, n.\u00ba 52, 7480-392, em Valongo.<\/p>\n\n\n\n<a href=\"https:\/\/www.uf-benavilaevalongo.pt\/?page_id=759\" target=\"blank\" rel=\"noopener\">Consultar aqui<\/a>\n\n\n\n<hr class=\"wp-block-separator has-alpha-channel-opacity\"\/>\n\n\n\n<h2 class=\"wp-block-heading\">Edital 1\/2026, de 02\/01\/26, da Assembleia de Freguesia<\/h2>\n\n\n\n<a href=\"https:\/\/www.uf-benavilaevalongo.pt\/?mdocs-file=1396\" target=\"blank\" rel=\"noopener\">Consultar aqui<\/a>\n\n\n\n<hr class=\"wp-block-separator has-alpha-channel-opacity\"\/>\n\n\n\n<p>J\u00e1 se encontram dispon\u00edveis para consulta os documentos previsionais para o ano 2026.<\/p>\n\n\n\n<a href=\"https:\/\/www.uf-benavilaevalongo.pt\/?page_id=969\" target=\"blank\" rel=\"noopener\">Consultar aqui<\/a>\n\n\n\n<hr class=\"wp-block-separator has-alpha-channel-opacity\"\/>\n\n\n\n<h2 class=\"wp-block-heading\">Sess\u00e3o Ordin\u00e1ria da Assembleia de Freguesia \u2013 30\/12\/2025 \u00e0s 20:00 horas<\/h2>\n\n\n\n<p>Est\u00e3o dispon\u00edveis a convocat\u00f3ria e ordem de trabalhos para a Sess\u00e3o Ordin\u00e1ria da Assembleia de Freguesia, a realizar no dia 30 de dezembro de 2025, pelas 20:00 horas nas instala\u00e7\u00f5es da Junta de Freguesia, sitas na Rua 25 de Abril, n.\u00ba 35, 7480-226, em Benavila.<\/p>\n\n\n\n<a href=\"https:\/\/www.uf-benavilaevalongo.pt\/?page_id=759\" target=\"blank\" rel=\"noopener\">Consultar aqui<\/a>\n\n\n\n<hr class=\"wp-block-separator has-alpha-channel-opacity\"\/>\n\n\n\n<h2 class=\"wp-block-heading\">Instala\u00e7\u00e3o da Assembleia de Freguesia &#8211; Mandato 2025-2029<\/h2>\n\n\n\n<p>A Instala\u00e7\u00e3o da Assembleia de Freguesia &#8211; Mandato 2025-2029, resultante do ato eleitoral realizado a 12\/10\/2025, ter\u00e1 lugar no dia 29 de outubro de 2025, pelas 20:30 horas, nas instala\u00e7\u00f5es da sede da Uni\u00e3o das Freguesias de Benavila e Valongo, sitas na Rua 25 de Abril, n.\u00ba 35, em Benavila.<\/p>\n\n\n\n<a href=\"https:\/\/www.uf-benavilaevalongo.pt\/?page_id=759\" target=\"blank\" rel=\"noopener\">Consultar aqui<\/a>\n\n\n\n<hr class=\"wp-block-separator has-alpha-channel-opacity\"\/>\n\n\n\n<h2 class=\"wp-block-heading\">Elei\u00e7\u00f5es Aut\u00e1rquicas 2025 &#8211; Convocat\u00f3ria para reuni\u00e3o dos mandat\u00e1rios das candidaturas &#8211; 22\/09\/2025 \u00e0s 20:30 horas<\/h2>\n\n\n\n<p>Est\u00e1 dispon\u00edvel o edital com a convocat\u00f3ria para a reuni\u00e3o dos mandat\u00e1rios das candidaturas concorrentes \u00e0s elei\u00e7\u00f5es aut\u00e1rquicas, a realizar no dia 22 de setembro de 2025, pelas 20:30 horas na sede da Junta de Freguesia, sita na Rua 25 de Abril, n.\u00ba 35, em Benavila.<\/p>\n\n\n\n<a href=\"https:\/\/www.uf-benavilaevalongo.pt\/?page_id=759\" target=\"blank\" rel=\"noopener\">Consultar aqui<\/a>\n\n\n\n<hr class=\"wp-block-separator has-alpha-channel-opacity\"\/>\n\n\n\n<h2 class=\"wp-block-heading\">Sess\u00e3o Ordin\u00e1ria da Assembleia de Freguesia &#8211; 26\/09\/2025 \u00e0s 20:00 horas<\/h2>\n\n\n\n<p>Est\u00e3o dispon\u00edveis a convocat\u00f3ria e ordem de trabalhos para a Sess\u00e3o Ordin\u00e1ria da Assembleia de Freguesia, a realizar no dia 26 de setembro de 2025, pelas 20:00 horas nas instala\u00e7\u00f5es da Junta de Freguesia, sitas na Rua 25 de Abril, n.\u00ba 52, 7480-392, em Valongo.<\/p>\n\n\n\n<a href=\"https:\/\/www.uf-benavilaevalongo.pt\/?page_id=759\" target=\"blank\" rel=\"noopener\">Consultar aqui<\/a>\n\n\n\n<hr class=\"wp-block-separator has-alpha-channel-opacity\"\/>\n\n\n\n<h2 class=\"wp-block-heading\">Edital 12\/2025\/JF de 1 de setembro de 2025<\/h2>\n\n\n\n<p>Atribui\u00e7\u00e3o a todos os alunos do ensino pr\u00e9-escolar at\u00e9 ao universit\u00e1rio, um voucher de 15,00\u20ac para aquisi\u00e7\u00e3o de material escolar.<\/p>\n\n\n\n<a href=\"https:\/\/www.uf-benavilaevalongo.pt\/?page_id=759\" target=\"blank\" rel=\"noopener\">Consultar aqui<\/a>\n\n\n\n<hr class=\"wp-block-separator has-alpha-channel-opacity\"\/>\n\n\n\n<h2 class=\"wp-block-heading\">Reuni\u00e3o Ordin\u00e1ria da Junta de Freguesia &#8211; 20\/08\/2025 \u00e0s 15:30 horas<\/h2>\n\n\n\n<p>A Reuni\u00e3o Ordin\u00e1ria da Junta de Freguesia, do m\u00eas de agosto de 2025, ter\u00e1 lugar dia 20 de agosto de 2025, pelas 15:30 horas na Rua 25 de Abril, n.\u00ba 35, 7480-226, em Benavila.<\/p>\n\n\n\n<a href=\"https:\/\/www.uf-benavilaevalongo.pt\/?page_id=759\" target=\"blank\" rel=\"noopener\">Consultar aqui<\/a>\n\n\n\n<hr class=\"wp-block-separator has-alpha-channel-opacity\"\/>\n\n\n\n<h2 class=\"wp-block-heading\">Sess\u00e3o Ordin\u00e1ria da Assembleia de Freguesia &#8211; 30\/06\/2025 \u00e0s 20:00 horas<\/h2>\n\n\n\n<p>Est\u00e3o dispon\u00edveis a convocat\u00f3ria e ordem de trabalhos para a Sess\u00e3o Ordin\u00e1ria da Assembleia de Freguesia, a realizar no dia 30 de junho de 2025, pelas 20:00 horas nas instala\u00e7\u00f5es da Junta de Freguesia, sitas na Rua 25 de Abril, n.\u00ba 35, 7480-226, em Benavila.<\/p>\n\n\n\n<a href=\"https:\/\/www.uf-benavilaevalongo.pt\/?page_id=759\" target=\"blank\" rel=\"noopener\">Consultar aqui<\/a>\n\n\n\n<hr class=\"wp-block-separator has-alpha-channel-opacity\"\/>\n\n\n\n<h2 class=\"wp-block-heading\">Presta\u00e7\u00e3o de contas, ano 2024<\/h2>\n\n\n\n<p>J\u00e1 se encontram dispon\u00edveis para consulta os seguintes documentos:<\/p>\n\n\n\n<p>Documentos de Presta\u00e7\u00e3o de Contas do ano 2024<\/p>\n\n\n\n<a href=\"https:\/\/www.uf-benavilaevalongo.pt\/?mdocs-file=1286\" target=\"blank\" rel=\"noopener\">Consultar aqui<\/a>\n\n\n\n<p><\/p>\n\n\n\n<hr class=\"wp-block-separator has-alpha-channel-opacity\"\/>\n\n\n\n<h2 class=\"wp-block-heading\">Sess\u00e3o Ordin\u00e1ria da Assembleia de Freguesia &#8211; 29\/04\/2025 \u00e0s 20:00 horas<\/h2>\n\n\n\n<p>Est\u00e3o dispon\u00edveis a convocat\u00f3ria e ordem de trabalhos para a Sess\u00e3o Ordin\u00e1ria da Assembleia de Freguesia, a realizar no dia 29 de abril de 2025, pelas 20:00 horas nas instala\u00e7\u00f5es da Junta de Freguesia, sitas na Rua 25 de Abril, n.\u00ba 52, 7480-392, em Valongo.<\/p>\n\n\n\n<a href=\"https:\/\/www.uf-benavilaevalongo.pt\/?page_id=759\" target=\"blank\" rel=\"noopener\">Consultar aqui<\/a>\n\n\n\n<hr class=\"wp-block-separator has-alpha-channel-opacity\"\/>\n\n\n\n<h2 class=\"wp-block-heading\">Edital de 10\/04\/25 \u2013 Elei\u00e7\u00f5es Legislativas 18 de maio de 2025 &#8211; Convocat\u00f3ria para reuni\u00e3o de delegados<\/h2>\n\n\n\n<p>Est\u00e1 dispon\u00edvel a convocat\u00f3ria para a reuni\u00e3o de delegados, para designa\u00e7\u00e3o dos membros das mesas eleitorais. Esta ser\u00e1 realizada no dia 23\/04\/2025 pelas 20:30h, na sede da Junta de Fregues, sita na Rua 25 de Abril, n.\u00ba 35, 7480-226 Benavila.<\/p>\n\n\n\n<a href=\"https:\/\/www.uf-benavilaevalongo.pt\/?page_id=759\" target=\"blank\" rel=\"noopener\">Consultar aqui<\/a>\n\n\n\n<hr class=\"wp-block-separator has-alpha-channel-opacity\"\/>\n\n\n\n<h2 class=\"wp-block-heading\">Regulamentos Publicados<\/h2>\n\n\n<p>Foram disponibilizados os seguintes documentos:<\/p>\n<ul>\n<li>Regulamento e Tabela de Taxas<\/li>\n<li>Regulamento de Invent\u00e1rio de Cadastro do Patrim\u00f3nio<\/li>\n<li>Regulamento do Cemit\u00e9rio Paroquial de Valongo<\/li>\n<li>Regulamento do Cemit\u00e9rio da Freguesia de Benavila e Casa Mortu\u00e1ria<\/li>\n<li>Norma de Controlo Interno<\/li>\n<\/ul>\n\n\n<a href=\"https:\/\/www.uf-benavilaevalongo.pt\/?page_id=763\" target=\"blank\" rel=\"noopener\">Consultar aqui<\/a>\n\n\n\n<hr class=\"wp-block-separator has-alpha-channel-opacity\"\/>\n\n\n\n<h2 class=\"wp-block-heading\">Edital 4\/2024, de 30\/12\/24, da Assembleia de Freguesia<\/h2>\n\n\n\n<a href=\"https:\/\/www.uf-benavilaevalongo.pt\/?mdocs-file=1221\" target=\"blank\" rel=\"noopener\">Consultar aqui<\/a>\n\n\n\n<hr class=\"wp-block-separator has-alpha-channel-opacity\"\/>\n\n\n\n<h2 class=\"wp-block-heading\">Documentos previsionais 2025<\/h2>\n\n\n\n<p>J\u00e1 se encontram dispon\u00edveis para consulta os documentos previsionais para o ano 2025. Destes documentos fazem parte: o Or\u00e7amento, o Plano Plurianual de Investimentos \u2013 PPI, o Plano Plurianual de A\u00e7\u00f5es Mais Relevantes \u2013 PPAR e o Mapa de Pessoal.<\/p>\n\n\n\n<a href=\"https:\/\/www.uf-benavilaevalongo.pt\/?page_id=969\" target=\"blank\" rel=\"noopener\">Consultar aqui<\/a>\n\n\n\n<hr class=\"wp-block-separator has-alpha-channel-opacity\"\/>\n\n\n\n<h2 class=\"wp-block-heading\">Sess\u00e3o Ordin\u00e1ria da Assembleia de Freguesia &#8211; 27\/12\/2024 \u00e0s 20:00 horas<\/h2>\n\n\n\n<p>Est\u00e3o dispon\u00edveis a convocat\u00f3ria e ordem de trabalhos para a Sess\u00e3o Ordin\u00e1ria da Assembleia de Freguesia, a realizar no dia 27 de dezembro de 2024, pelas 20:00 horas nas instala\u00e7\u00f5es da Junta de Freguesia, sitas na Rua 25 de Abril, n.\u00ba 35, em Benavila.<\/p>\n\n\n\n<a href=\"https:\/\/www.uf-benavilaevalongo.pt\/?page_id=759\" target=\"blank\" rel=\"noopener\">Consultar aqui<\/a>\n\n\n\n<hr class=\"wp-block-separator has-alpha-channel-opacity\"\/>\n\n\n\n<h2 class=\"wp-block-heading\">Reuni\u00e3o Ordin\u00e1ria de dezembro de 2024 &#8211; 16\/12\/2024 \u00e0s 15:30 horas<\/h2>\n\n\n\n<p>Foi deliberado que a reuni\u00e3o ordin\u00e1ria do m\u00eas de dezembro de 2024 vai ter lugar no dia 16\/12\/2024, pelas 15:30h, na Rua 25 de Abril, 35, 7480-226 Benavila.<\/p>\n\n\n\n<a href=\"https:\/\/www.uf-benavilaevalongo.pt\/?page_id=1188\" target=\"blank\" rel=\"noopener\">Consultar aqui<\/a>\n\n\n\n<hr class=\"wp-block-separator has-alpha-channel-opacity\"\/>\n\n\n\n<h2 class=\"wp-block-heading\">Sess\u00e3o Ordin\u00e1ria da Assembleia de Freguesia &#8211; 26\/09\/2024 \u00e0s 20:00 horas<\/h2>\n\n\n\n<p>Est\u00e3o dispon\u00edveis a convocat\u00f3ria e ordem de trabalhos para a Sess\u00e3o Ordin\u00e1ria da Assembleia de Freguesia, a realizar no dia 26 de setembro de 2024, pelas 20:00 horas nas instala\u00e7\u00f5es da Junta de Freguesia, sitas na Rua 25 de Abril, n.\u00ba 35, em Benavila.<\/p>\n\n\n\n<a href=\"https:\/\/www.uf-benavilaevalongo.pt\/?page_id=759\" target=\"blank\" rel=\"noopener\">Consultar aqui<\/a>\n\n\n\n<hr class=\"wp-block-separator has-alpha-channel-opacity\"\/>\n\n\n\n<h2 class=\"wp-block-heading\">Edital 2\/2024, de 28\/06\/24, da Assembleia de Freguesia<\/h2>\n\n\n\n<a href=\"https:\/\/www.uf-benavilaevalongo.pt\/?mdocs-file=1161\" target=\"blank\" rel=\"noopener\">Consultar aqui<\/a>\n\n\n\n<hr class=\"wp-block-separator has-alpha-channel-opacity\"\/>\n\n\n\n<h2 class=\"wp-block-heading\">Reuni\u00e3o Ordin\u00e1ria de agosto 2024 &#8211; 21\/08\/2024 \u00e0s 15:30 horas<\/h2>\n\n\n\n<p>Foi deliberado que a reuni\u00e3o ordin\u00e1ria do m\u00eas de agosto de 2024 vai ter lugar no dia 21\/08\/2024, pelas 15:30h, na Rua 25 de Abril, 35, 7480-226 Benavila.<\/p>\n\n\n\n<a href=\"https:\/\/www.uf-benavilaevalongo.pt\/?page_id=759\" target=\"blank\" rel=\"noopener\">Consultar aqui<\/a>\n\n\n\n<hr class=\"wp-block-separator has-alpha-channel-opacity\"\/>\n\n\n\n<h2 class=\"wp-block-heading\">Sess\u00e3o Ordin\u00e1ria da Assembleia de Freguesia &#8211; 26\/06\/2024 \u00e0s 20:00 horas<\/h2>\n\n\n\n<p>Est\u00e3o dispon\u00edveis a convocat\u00f3ria e ordem de trabalhos para a Sess\u00e3o Ordin\u00e1ria da Assembleia de Freguesia, a realizar no dia 26 de junho de 2024, pelas 20:00 horas nas instala\u00e7\u00f5es da Junta de Freguesia, sitas na Rua 25 de Abril, n.\u00ba 35, em Benavila.<\/p>\n\n\n\n<a href=\"https:\/\/www.uf-benavilaevalongo.pt\/?page_id=759\" target=\"blank\" rel=\"noopener\">Consultar aqui<\/a>\n\n\n\n<hr class=\"wp-block-separator has-alpha-channel-opacity\"\/>\n\n\n\n<h2 class=\"wp-block-heading\">Edital 10\/2024, de 10\/05\/24 &#8211; Elei\u00e7\u00f5es para o Parlamento Europeu de 09\/06\/2024<\/h2>\n\n\n\n<p>Est\u00e1 dispon\u00edvel a convocat\u00f3ria para a reuni\u00e3o de delegados, para designa\u00e7\u00e3o dos membros das mesas eleitorais. Esta ser\u00e1 realizada no dia 16\/05\/2024 pelas 20:30h, na sede da Uni\u00e3o das Freguesias de Benavila e Valongo, sita na Rua 25 de Abril, n.\u00ba 35, 7480-226 Benavila.<\/p>\n\n\n\n<a href=\"https:\/\/www.uf-benavilaevalongo.pt\/?mdocs-file=1128\" target=\"blank\" rel=\"noopener\">Consultar aqui<\/a>\n\n\n\n<p><\/p>\n\n\n\n<hr class=\"wp-block-separator has-alpha-channel-opacity\"\/>\n\n\n\n<h2 class=\"wp-block-heading\">Edital 1\/2024, de 30\/04\/24, da Assembleia de Freguesia<\/h2>\n\n\n\n<a href=\"https:\/\/www.uf-benavilaevalongo.pt\/?mdocs-file=1114\" target=\"blank\" rel=\"noopener\">Consultar aqui<\/a>\n\n\n\n<p><\/p>\n\n\n\n<hr class=\"wp-block-separator has-alpha-channel-opacity\"\/>\n\n\n\n<h2 class=\"wp-block-heading\">Presta\u00e7\u00e3o de contas, ano 2023<\/h2>\n\n\n\n<p>J\u00e1 se encontram dispon\u00edveis para consulta os seguintes documentos:<\/p>\n\n\n\n<p>Documentos de Presta\u00e7\u00e3o de Contas do ano 2023<\/p>\n\n\n\n<a href=\"https:\/\/www.uf-benavilaevalongo.pt\/?mdocs-file=1112\" target=\"blank\" rel=\"noopener\">Consultar aqui<\/a>\n\n\n\n<p><\/p>\n\n\n\n<hr class=\"wp-block-separator has-alpha-channel-opacity\"\/>\n\n\n\n<h2 class=\"wp-block-heading\">Sess\u00e3o Ordin\u00e1ria da Assembleia de Freguesia &#8211; 29\/04\/2024 \u00e0s 20:00 horas<\/h2>\n\n\n\n<p>Est\u00e3o dispon\u00edveis a convocat\u00f3ria e ordem de trabalhos para a Sess\u00e3o Ordin\u00e1ria da Assembleia de Freguesia, a realizar no dia 29 de abril de 2024, pelas 20:00 horas nas instala\u00e7\u00f5es da Junta de Freguesia, sitas na Rua 25 de Abril, n.\u00ba 52, em Valongo.<\/p>\n\n\n\n<a href=\"https:\/\/www.uf-benavilaevalongo.pt\/?page_id=759\" target=\"blank\" rel=\"noopener\">Consultar aqui<\/a>\n\n\n\n<hr class=\"wp-block-separator has-alpha-channel-opacity\"\/>\n\n\n\n<h2 class=\"wp-block-heading\">Aviso &#8211; encerramento dos servi\u00e7os das Juntas de Freguesia &#8211; toler\u00e2ncia de ponto 13 de fevereiro de 2024\n<\/h2>\n","protected":false},"excerpt":{"rendered":"<p>Destaques Presta\u00e7\u00e3o de contas, ano 2025 J\u00e1 se encontram dispon\u00edveis para consulta os seguintes documentos: Documentos de Presta\u00e7\u00e3o de Contas do ano 2025 Consultar aqui Sess\u00e3o Ordin\u00e1ria da Assembleia de Freguesia \u2013 28\/04\/2026 \u00e0s 20:00 horas Est\u00e3o dispon\u00edveis a convocat\u00f3ria e ordem de trabalhos para a Sess\u00e3o Ordin\u00e1ria da Assembleia de Freguesia, a realizar no [&hellip;]<\/p>\n","protected":false},"author":1,"featured_media":0,"parent":0,"menu_order":0,"comment_status":"closed","ping_status":"open","template":"","meta":{"footnotes":""},"class_list":["post-2","page","type-page","status-publish","hentry"],"_links":{"self":[{"href":"https:\/\/www.uf-benavilaevalongo.pt\/index.php?rest_route=\/wp\/v2\/pages\/2","targetHints":{"allow":["GET"]}}],"collection":[{"href":"https:\/\/www.uf-benavilaevalongo.pt\/index.php?rest_route=\/wp\/v2\/pages"}],"about":[{"href":"https:\/\/www.uf-benavilaevalongo.pt\/index.php?rest_route=\/wp\/v2\/types\/page"}],"author":[{"embeddable":true,"href":"https:\/\/www.uf-benavilaevalongo.pt\/index.php?rest_route=\/wp\/v2\/users\/1"}],"replies":[{"embeddable":true,"href":"https:\/\/www.uf-benavilaevalongo.pt\/index.php?rest_route=%2Fwp%2Fv2%2Fcomments&post=2"}],"version-history":[{"count":137,"href":"https:\/\/www.uf-benavilaevalongo.pt\/index.php?rest_route=\/wp\/v2\/pages\/2\/revisions"}],"predecessor-version":[{"id":1424,"href":"https:\/\/www.uf-benavilaevalongo.pt\/index.php?rest_route=\/wp\/v2\/pages\/2\/revisions\/1424"}],"wp:attachment":[{"href":"https:\/\/www.uf-benavilaevalongo.pt\/index.php?rest_route=%2Fwp%2Fv2%2Fmedia&parent=2"}],"curies":[{"name":"wp","href":"https:\/\/api.w.org\/{rel}","templated":true}]}}